{"id":136,"date":"2025-12-09T09:06:59","date_gmt":"2025-12-09T09:06:59","guid":{"rendered":"http:\/\/source.wpopal.com\/vineso\/product\/synergistic-paper-small1104\/"},"modified":"2026-02-07T02:45:43","modified_gmt":"2026-02-07T02:45:43","slug":"idee-fixe-brut-rose-case-of-6","status":"publish","type":"product","link":"https:\/\/export.asenjo-manso.com\/index.php\/product\/idee-fixe-brut-rose-case-of-6\/","title":{"rendered":"am3"},"content":{"rendered":"<p>Vino tinto joven con crianza<\/p>\n<p>Vi\u00f1edo: vi\u00f1edo propio, 100% tempranillo, con edad comprendida entre los 15 y 20 a\u00f1os.<\/p>\n<p>Crianza: 3 meses en barricas de roble franc\u00e9s.<\/p>\n<p>El vino mas joven de la bodega, ya muestra el car\u00e1cter de esta, mucha fruta con sutiles toques de madera, hacen de el, un joven muy seductor.<\/p>\n<p><a href=\"https:\/\/www.asenjo-manso.com\/wp-content\/uploads\/2026\/01\/AM3_CR_2024.pdf\">Ficha Cata<\/a><\/p>\n","protected":false},"excerpt":{"rendered":"<p>\u201cEl fresco de la familia\u201d<\/p>\n<p>Caja de 12 botellas<\/p>\n","protected":false},"featured_media":4446,"comment_status":"open","ping_status":"closed","template":"","meta":[],"product_brand":[],"product_cat":[137],"product_tag":[114,123],"class_list":{"0":"post-136","1":"product","2":"type-product","3":"status-publish","4":"has-post-thumbnail","6":"product_cat-tintos","7":"product_tag-pinot-noir","8":"product_tag-shiraz","10":"first","11":"instock","12":"featured","13":"virtual","14":"taxable","15":"purchasable","16":"product-type-simple"},"_links":{"self":[{"href":"https:\/\/export.asenjo-manso.com\/index.php\/wp-json\/wp\/v2\/product\/136","targetHints":{"allow":["GET"]}}],"collection":[{"href":"https:\/\/export.asenjo-manso.com\/index.php\/wp-json\/wp\/v2\/product"}],"about":[{"href":"https:\/\/export.asenjo-manso.com\/index.php\/wp-json\/wp\/v2\/types\/product"}],"replies":[{"embeddable":true,"href":"https:\/\/export.asenjo-manso.com\/index.php\/wp-json\/wp\/v2\/comments?post=136"}],"wp:featuredmedia":[{"embeddable":true,"href":"https:\/\/export.asenjo-manso.com\/index.php\/wp-json\/wp\/v2\/media\/4446"}],"wp:attachment":[{"href":"https:\/\/export.asenjo-manso.com\/index.php\/wp-json\/wp\/v2\/media?parent=136"}],"wp:term":[{"taxonomy":"product_brand","embeddable":true,"href":"https:\/\/export.asenjo-manso.com\/index.php\/wp-json\/wp\/v2\/product_brand?post=136"},{"taxonomy":"product_cat","embeddable":true,"href":"https:\/\/export.asenjo-manso.com\/index.php\/wp-json\/wp\/v2\/product_cat?post=136"},{"taxonomy":"product_tag","embeddable":true,"href":"https:\/\/export.asenjo-manso.com\/index.php\/wp-json\/wp\/v2\/product_tag?post=136"}],"curies":[{"name":"wp","href":"https:\/\/api.w.org\/{rel}","templated":true}]}}