{"id":123,"date":"2025-12-09T09:06:40","date_gmt":"2025-12-09T09:06:40","guid":{"rendered":"http:\/\/source.wpopal.com\/vineso\/product\/awesome-plastic-plate\/"},"modified":"2026-02-21T00:15:11","modified_gmt":"2026-02-21T00:15:11","slug":"2025-classic-dry-rose","status":"publish","type":"product","link":"https:\/\/export.asenjo-manso.com\/index.php\/product\/2025-classic-dry-rose\/","title":{"rendered":"Telmo 2023"},"content":{"rendered":"<p>Vi\u00f1edo: vi\u00f1edo propio, 100% garnacha, con edad comprendida entre los 90 y 100 a\u00f1os.<\/p>\n<p>A trav\u00e9s de generaciones<\/p>\n<p><a href=\"https:\/\/www.asenjo-manso.com\/wp-content\/uploads\/2026\/01\/Telmo_2023.pdf\"><img decoding=\"async\" class=\"alignnone  wp-image-4486\" src=\"https:\/\/export.asenjo-manso.com\/wp-content\/uploads\/2025\/12\/icono_pdf.jpg\" alt=\"icono_pdf\" width=\"50\" height=\"50\" srcset=\"https:\/\/export.asenjo-manso.com\/wp-content\/uploads\/2025\/12\/icono_pdf.jpg 225w, https:\/\/export.asenjo-manso.com\/wp-content\/uploads\/2025\/12\/icono_pdf-150x150.jpg 150w, https:\/\/export.asenjo-manso.com\/wp-content\/uploads\/2025\/12\/icono_pdf-90x90.jpg 90w, https:\/\/export.asenjo-manso.com\/wp-content\/uploads\/2025\/12\/icono_pdf-100x100.jpg 100w\" sizes=\"(max-width: 50px) 100vw, 50px\" \/> Ficha Cata<\/a><\/p>\n","protected":false},"excerpt":{"rendered":"<h3>\u00abEs la mejor herencia que puede dejar un padre a sus hijo\u00bb<\/h3>\n","protected":false},"featured_media":4451,"comment_status":"open","ping_status":"closed","template":"","meta":[],"product_brand":[],"product_cat":[137],"product_tag":[87,118],"class_list":{"0":"post-123","1":"product","2":"type-product","3":"status-publish","4":"has-post-thumbnail","6":"product_cat-tintos","7":"product_tag-cabernet","8":"product_tag-rose","10":"first","11":"instock","12":"featured","13":"virtual","14":"taxable","15":"purchasable","16":"product-type-simple"},"_links":{"self":[{"href":"https:\/\/export.asenjo-manso.com\/index.php\/wp-json\/wp\/v2\/product\/123","targetHints":{"allow":["GET"]}}],"collection":[{"href":"https:\/\/export.asenjo-manso.com\/index.php\/wp-json\/wp\/v2\/product"}],"about":[{"href":"https:\/\/export.asenjo-manso.com\/index.php\/wp-json\/wp\/v2\/types\/product"}],"replies":[{"embeddable":true,"href":"https:\/\/export.asenjo-manso.com\/index.php\/wp-json\/wp\/v2\/comments?post=123"}],"wp:featuredmedia":[{"embeddable":true,"href":"https:\/\/export.asenjo-manso.com\/index.php\/wp-json\/wp\/v2\/media\/4451"}],"wp:attachment":[{"href":"https:\/\/export.asenjo-manso.com\/index.php\/wp-json\/wp\/v2\/media?parent=123"}],"wp:term":[{"taxonomy":"product_brand","embeddable":true,"href":"https:\/\/export.asenjo-manso.com\/index.php\/wp-json\/wp\/v2\/product_brand?post=123"},{"taxonomy":"product_cat","embeddable":true,"href":"https:\/\/export.asenjo-manso.com\/index.php\/wp-json\/wp\/v2\/product_cat?post=123"},{"taxonomy":"product_tag","embeddable":true,"href":"https:\/\/export.asenjo-manso.com\/index.php\/wp-json\/wp\/v2\/product_tag?post=123"}],"curies":[{"name":"wp","href":"https:\/\/api.w.org\/{rel}","templated":true}]}}