{"id":107,"date":"2025-12-09T09:06:13","date_gmt":"2025-12-09T09:06:13","guid":{"rendered":"http:\/\/source.wpopal.com\/vineso\/product\/gorgeous-wooden-computer\/"},"modified":"2026-02-21T00:19:37","modified_gmt":"2026-02-21T00:19:37","slug":"2025-filius-sauvignon-blanc","status":"publish","type":"product","link":"https:\/\/export.asenjo-manso.com\/index.php\/product\/2025-filius-sauvignon-blanc\/","title":{"rendered":"Ceres Crianza 2022"},"content":{"rendered":"<p>Tinto crianza<\/p>\n<p>Vi\u00f1edo: vi\u00f1edo propio, 100% tempranillo, con edad comprendida entre los 20 y 40 a\u00f1os.<\/p>\n<p>Crianza: 12 meses en barricas de roble franc\u00e9s y americano, 10 meses en botella.<\/p>\n<p>El vino bandera de la bodega, uno de los mejores vinos calidad-precio del mercado, capaz de llegar a todos los amantes del vino.<\/p>\n<p><a href=\"https:\/\/www.asenjo-manso.com\/wp-content\/uploads\/2026\/01\/Ceres-Crianza_2022.pdf\"><img decoding=\"async\" class=\"alignnone  wp-image-4486\" src=\"https:\/\/export.asenjo-manso.com\/wp-content\/uploads\/2025\/12\/icono_pdf.jpg\" alt=\"icono_pdf\" width=\"50\" height=\"50\" srcset=\"https:\/\/export.asenjo-manso.com\/wp-content\/uploads\/2025\/12\/icono_pdf.jpg 225w, https:\/\/export.asenjo-manso.com\/wp-content\/uploads\/2025\/12\/icono_pdf-150x150.jpg 150w, https:\/\/export.asenjo-manso.com\/wp-content\/uploads\/2025\/12\/icono_pdf-90x90.jpg 90w, https:\/\/export.asenjo-manso.com\/wp-content\/uploads\/2025\/12\/icono_pdf-100x100.jpg 100w\" sizes=\"(max-width: 50px) 100vw, 50px\" \/> Ficha Cata<\/a><\/p>\n","protected":false},"excerpt":{"rendered":"<p>\u201cNuestra chica m\u00e1s popular\u201d<\/p>\n<p>Caja de 6 Botellas 0.75 CL<\/p>\n","protected":false},"featured_media":4447,"comment_status":"open","ping_status":"closed","template":"","meta":[],"product_brand":[],"product_cat":[137],"product_tag":[114,136],"class_list":{"0":"post-107","1":"product","2":"type-product","3":"status-publish","4":"has-post-thumbnail","6":"product_cat-tintos","7":"product_tag-pinot-noir","8":"product_tag-white-wine","10":"first","11":"instock","12":"featured","13":"virtual","14":"taxable","15":"purchasable","16":"product-type-simple"},"_links":{"self":[{"href":"https:\/\/export.asenjo-manso.com\/index.php\/wp-json\/wp\/v2\/product\/107","targetHints":{"allow":["GET"]}}],"collection":[{"href":"https:\/\/export.asenjo-manso.com\/index.php\/wp-json\/wp\/v2\/product"}],"about":[{"href":"https:\/\/export.asenjo-manso.com\/index.php\/wp-json\/wp\/v2\/types\/product"}],"replies":[{"embeddable":true,"href":"https:\/\/export.asenjo-manso.com\/index.php\/wp-json\/wp\/v2\/comments?post=107"}],"wp:featuredmedia":[{"embeddable":true,"href":"https:\/\/export.asenjo-manso.com\/index.php\/wp-json\/wp\/v2\/media\/4447"}],"wp:attachment":[{"href":"https:\/\/export.asenjo-manso.com\/index.php\/wp-json\/wp\/v2\/media?parent=107"}],"wp:term":[{"taxonomy":"product_brand","embeddable":true,"href":"https:\/\/export.asenjo-manso.com\/index.php\/wp-json\/wp\/v2\/product_brand?post=107"},{"taxonomy":"product_cat","embeddable":true,"href":"https:\/\/export.asenjo-manso.com\/index.php\/wp-json\/wp\/v2\/product_cat?post=107"},{"taxonomy":"product_tag","embeddable":true,"href":"https:\/\/export.asenjo-manso.com\/index.php\/wp-json\/wp\/v2\/product_tag?post=107"}],"curies":[{"name":"wp","href":"https:\/\/api.w.org\/{rel}","templated":true}]}}